{"id":59067,"date":"2016-06-29T11:39:22","date_gmt":"2016-06-29T05:39:22","guid":{"rendered":"https:\/\/www.knapp-verbinder.com\/produkt\/sk-schraube-35x16-mm-fuer-duo-30\/"},"modified":"2024-08-23T10:18:51","modified_gmt":"2024-08-23T08:18:51","slug":"wkret-z-lbem-stozkowym-sk-35x16-mm","status":"publish","type":"product","link":"https:\/\/www.knapp-verbinder.com\/pl\/produkt\/wkret-z-lbem-stozkowym-sk-35x16-mm\/","title":{"rendered":"Wkr\u0119t z \u0142bem sto\u017ckowym SK 3,5&#215;16 mm"},"content":{"rendered":"","protected":false},"excerpt":{"rendered":"","protected":false},"featured_media":59068,"template":"","meta":{"_acf_changed":false,"footnotes":""},"product_brand":[],"product_cat":[1372],"product_tag":[],"class_list":{"0":"post-59067","1":"product","2":"type-product","3":"status-publish","4":"has-post-thumbnail","6":"product_cat-unkategorisiert-pl","8":"first","9":"instock","10":"taxable","11":"shipping-taxable","12":"purchasable","13":"product-type-simple"},"acf":[],"yoast_head":"<!-- This site is optimized with the Yoast SEO plugin v25.8 - https:\/\/yoast.com\/wordpress\/plugins\/seo\/ -->\n<title>Wkr\u0119t z \u0142bem sto\u017ckowym SK 3,5x16 mm - Knapp Connectors<\/title>\n<meta name=\"robots\" content=\"index, follow, max-snippet:-1, max-image-preview:large, max-video-preview:-1\" \/>\n<link rel=\"canonical\" href=\"https:\/\/www.knapp-verbinder.com\/pl\/produkt\/wkret-z-lbem-stozkowym-sk-35x16-mm\/\" \/>\n<meta property=\"og:locale\" content=\"pl_PL\" \/>\n<meta property=\"og:type\" content=\"article\" \/>\n<meta property=\"og:title\" content=\"Wkr\u0119t z \u0142bem sto\u017ckowym SK 3,5x16 mm - Knapp Connectors\" \/>\n<meta property=\"og:url\" content=\"https:\/\/www.knapp-verbinder.com\/pl\/produkt\/wkret-z-lbem-stozkowym-sk-35x16-mm\/\" \/>\n<meta property=\"og:site_name\" content=\"Knapp Connectors\" \/>\n<meta property=\"article:modified_time\" content=\"2024-08-23T08:18:51+00:00\" \/>\n<meta property=\"og:image\" content=\"https:\/\/www.knapp-verbinder.com\/wp-content\/uploads\/Z502_SK-Schraube.jpg\" \/>\n\t<meta property=\"og:image:width\" content=\"600\" \/>\n\t<meta property=\"og:image:height\" content=\"600\" \/>\n\t<meta property=\"og:image:type\" content=\"image\/jpeg\" \/>\n<meta name=\"twitter:card\" content=\"summary_large_image\" \/>\n<script type=\"application\/ld+json\" class=\"yoast-schema-graph\">{\"@context\":\"https:\/\/schema.org\",\"@graph\":[{\"@type\":\"WebPage\",\"@id\":\"https:\/\/www.knapp-verbinder.com\/pl\/produkt\/wkret-z-lbem-stozkowym-sk-35x16-mm\/\",\"url\":\"https:\/\/www.knapp-verbinder.com\/pl\/produkt\/wkret-z-lbem-stozkowym-sk-35x16-mm\/\",\"name\":\"Wkr\u0119t z \u0142bem sto\u017ckowym SK 3,5x16 mm - Knapp Connectors\",\"isPartOf\":{\"@id\":\"https:\/\/www.knapp-verbinder.com\/pl\/#website\"},\"primaryImageOfPage\":{\"@id\":\"https:\/\/www.knapp-verbinder.com\/pl\/produkt\/wkret-z-lbem-stozkowym-sk-35x16-mm\/#primaryimage\"},\"image\":{\"@id\":\"https:\/\/www.knapp-verbinder.com\/pl\/produkt\/wkret-z-lbem-stozkowym-sk-35x16-mm\/#primaryimage\"},\"thumbnailUrl\":\"https:\/\/www.knapp-verbinder.com\/wp-content\/uploads\/Z502_SK-Schraube.jpg\",\"datePublished\":\"2016-06-29T05:39:22+00:00\",\"dateModified\":\"2024-08-23T08:18:51+00:00\",\"breadcrumb\":{\"@id\":\"https:\/\/www.knapp-verbinder.com\/pl\/produkt\/wkret-z-lbem-stozkowym-sk-35x16-mm\/#breadcrumb\"},\"inLanguage\":\"pl-PL\",\"potentialAction\":[{\"@type\":\"ReadAction\",\"target\":[\"https:\/\/www.knapp-verbinder.com\/pl\/produkt\/wkret-z-lbem-stozkowym-sk-35x16-mm\/\"]}]},{\"@type\":\"ImageObject\",\"inLanguage\":\"pl-PL\",\"@id\":\"https:\/\/www.knapp-verbinder.com\/pl\/produkt\/wkret-z-lbem-stozkowym-sk-35x16-mm\/#primaryimage\",\"url\":\"https:\/\/www.knapp-verbinder.com\/wp-content\/uploads\/Z502_SK-Schraube.jpg\",\"contentUrl\":\"https:\/\/www.knapp-verbinder.com\/wp-content\/uploads\/Z502_SK-Schraube.jpg\",\"width\":600,\"height\":600},{\"@type\":\"BreadcrumbList\",\"@id\":\"https:\/\/www.knapp-verbinder.com\/pl\/produkt\/wkret-z-lbem-stozkowym-sk-35x16-mm\/#breadcrumb\",\"itemListElement\":[{\"@type\":\"ListItem\",\"position\":1,\"name\":\"Startseite\",\"item\":\"https:\/\/www.knapp-verbinder.com\/pl\/\"},{\"@type\":\"ListItem\",\"position\":2,\"name\":\"Shop\",\"item\":\"https:\/\/www.knapp-verbinder.com\/shop\/\"},{\"@type\":\"ListItem\",\"position\":3,\"name\":\"Wkr\u0119t z \u0142bem sto\u017ckowym SK 3,5&#215;16 mm\"}]},{\"@type\":\"WebSite\",\"@id\":\"https:\/\/www.knapp-verbinder.com\/pl\/#website\",\"url\":\"https:\/\/www.knapp-verbinder.com\/pl\/\",\"name\":\"Knapp Connectors\",\"description\":\"wood connectors, timber construction engineering\",\"potentialAction\":[{\"@type\":\"SearchAction\",\"target\":{\"@type\":\"EntryPoint\",\"urlTemplate\":\"https:\/\/www.knapp-verbinder.com\/pl\/?s={search_term_string}\"},\"query-input\":{\"@type\":\"PropertyValueSpecification\",\"valueRequired\":true,\"valueName\":\"search_term_string\"}}],\"inLanguage\":\"pl-PL\"}]}<\/script>\n<!-- \/ Yoast SEO plugin. -->","yoast_head_json":{"title":"Wkr\u0119t z \u0142bem sto\u017ckowym SK 3,5x16 mm - Knapp Connectors","robots":{"index":"index","follow":"follow","max-snippet":"max-snippet:-1","max-image-preview":"max-image-preview:large","max-video-preview":"max-video-preview:-1"},"canonical":"https:\/\/www.knapp-verbinder.com\/pl\/produkt\/wkret-z-lbem-stozkowym-sk-35x16-mm\/","og_locale":"pl_PL","og_type":"article","og_title":"Wkr\u0119t z \u0142bem sto\u017ckowym SK 3,5x16 mm - Knapp Connectors","og_url":"https:\/\/www.knapp-verbinder.com\/pl\/produkt\/wkret-z-lbem-stozkowym-sk-35x16-mm\/","og_site_name":"Knapp Connectors","article_modified_time":"2024-08-23T08:18:51+00:00","og_image":[{"width":600,"height":600,"url":"https:\/\/www.knapp-verbinder.com\/wp-content\/uploads\/Z502_SK-Schraube.jpg","type":"image\/jpeg"}],"twitter_card":"summary_large_image","schema":{"@context":"https:\/\/schema.org","@graph":[{"@type":"WebPage","@id":"https:\/\/www.knapp-verbinder.com\/pl\/produkt\/wkret-z-lbem-stozkowym-sk-35x16-mm\/","url":"https:\/\/www.knapp-verbinder.com\/pl\/produkt\/wkret-z-lbem-stozkowym-sk-35x16-mm\/","name":"Wkr\u0119t z \u0142bem sto\u017ckowym SK 3,5x16 mm - Knapp Connectors","isPartOf":{"@id":"https:\/\/www.knapp-verbinder.com\/pl\/#website"},"primaryImageOfPage":{"@id":"https:\/\/www.knapp-verbinder.com\/pl\/produkt\/wkret-z-lbem-stozkowym-sk-35x16-mm\/#primaryimage"},"image":{"@id":"https:\/\/www.knapp-verbinder.com\/pl\/produkt\/wkret-z-lbem-stozkowym-sk-35x16-mm\/#primaryimage"},"thumbnailUrl":"https:\/\/www.knapp-verbinder.com\/wp-content\/uploads\/Z502_SK-Schraube.jpg","datePublished":"2016-06-29T05:39:22+00:00","dateModified":"2024-08-23T08:18:51+00:00","breadcrumb":{"@id":"https:\/\/www.knapp-verbinder.com\/pl\/produkt\/wkret-z-lbem-stozkowym-sk-35x16-mm\/#breadcrumb"},"inLanguage":"pl-PL","potentialAction":[{"@type":"ReadAction","target":["https:\/\/www.knapp-verbinder.com\/pl\/produkt\/wkret-z-lbem-stozkowym-sk-35x16-mm\/"]}]},{"@type":"ImageObject","inLanguage":"pl-PL","@id":"https:\/\/www.knapp-verbinder.com\/pl\/produkt\/wkret-z-lbem-stozkowym-sk-35x16-mm\/#primaryimage","url":"https:\/\/www.knapp-verbinder.com\/wp-content\/uploads\/Z502_SK-Schraube.jpg","contentUrl":"https:\/\/www.knapp-verbinder.com\/wp-content\/uploads\/Z502_SK-Schraube.jpg","width":600,"height":600},{"@type":"BreadcrumbList","@id":"https:\/\/www.knapp-verbinder.com\/pl\/produkt\/wkret-z-lbem-stozkowym-sk-35x16-mm\/#breadcrumb","itemListElement":[{"@type":"ListItem","position":1,"name":"Startseite","item":"https:\/\/www.knapp-verbinder.com\/pl\/"},{"@type":"ListItem","position":2,"name":"Shop","item":"https:\/\/www.knapp-verbinder.com\/shop\/"},{"@type":"ListItem","position":3,"name":"Wkr\u0119t z \u0142bem sto\u017ckowym SK 3,5&#215;16 mm"}]},{"@type":"WebSite","@id":"https:\/\/www.knapp-verbinder.com\/pl\/#website","url":"https:\/\/www.knapp-verbinder.com\/pl\/","name":"Knapp Connectors","description":"wood connectors, timber construction engineering","potentialAction":[{"@type":"SearchAction","target":{"@type":"EntryPoint","urlTemplate":"https:\/\/www.knapp-verbinder.com\/pl\/?s={search_term_string}"},"query-input":{"@type":"PropertyValueSpecification","valueRequired":true,"valueName":"search_term_string"}}],"inLanguage":"pl-PL"}]}},"_links":{"self":[{"href":"https:\/\/www.knapp-verbinder.com\/pl\/wp-json\/wp\/v2\/product\/59067","targetHints":{"allow":["GET"]}}],"collection":[{"href":"https:\/\/www.knapp-verbinder.com\/pl\/wp-json\/wp\/v2\/product"}],"about":[{"href":"https:\/\/www.knapp-verbinder.com\/pl\/wp-json\/wp\/v2\/types\/product"}],"version-history":[{"count":2,"href":"https:\/\/www.knapp-verbinder.com\/pl\/wp-json\/wp\/v2\/product\/59067\/revisions"}],"predecessor-version":[{"id":59070,"href":"https:\/\/www.knapp-verbinder.com\/pl\/wp-json\/wp\/v2\/product\/59067\/revisions\/59070"}],"wp:featuredmedia":[{"embeddable":true,"href":"https:\/\/www.knapp-verbinder.com\/pl\/wp-json\/wp\/v2\/media\/59068"}],"wp:attachment":[{"href":"https:\/\/www.knapp-verbinder.com\/pl\/wp-json\/wp\/v2\/media?parent=59067"}],"wp:term":[{"taxonomy":"product_brand","embeddable":true,"href":"https:\/\/www.knapp-verbinder.com\/pl\/wp-json\/wp\/v2\/product_brand?post=59067"},{"taxonomy":"product_cat","embeddable":true,"href":"https:\/\/www.knapp-verbinder.com\/pl\/wp-json\/wp\/v2\/product_cat?post=59067"},{"taxonomy":"product_tag","embeddable":true,"href":"https:\/\/www.knapp-verbinder.com\/pl\/wp-json\/wp\/v2\/product_tag?post=59067"}],"curies":[{"name":"wp","href":"https:\/\/api.w.org\/{rel}","templated":true}]}}