{"id":81630,"date":"2026-01-15T18:32:30","date_gmt":"2026-01-15T17:32:30","guid":{"rendered":"https:\/\/www.knapp-verbinder.com\/produkt\/modular-doppelclip-fuer-cnc-verarbeitung\/"},"modified":"2026-03-12T12:09:05","modified_gmt":"2026-03-12T11:09:05","slug":"modular-double-accroche-pour-usinage-cnc","status":"publish","type":"product","link":"https:\/\/www.knapp-verbinder.com\/fr\/produit\/modular-double-accroche-pour-usinage-cnc\/","title":{"rendered":"MODULAR double clip pour usinage CNC"},"content":{"rendered":"","protected":false},"excerpt":{"rendered":"","protected":false},"featured_media":80519,"template":"","meta":{"_acf_changed":false,"footnotes":""},"product_brand":[],"product_cat":[512],"product_tag":[],"class_list":{"0":"post-81630","1":"product","2":"type-product","3":"status-publish","4":"has-post-thumbnail","6":"product_cat-unkategorisiert-fr","8":"first","9":"instock","10":"taxable","11":"shipping-taxable","12":"purchasable","13":"product-type-simple"},"acf":[],"yoast_head":"<!-- This site is optimized with the Yoast SEO plugin v25.8 - https:\/\/yoast.com\/wordpress\/plugins\/seo\/ -->\n<title>MODULAR double clip pour usinage CNC - Knapp Connectors<\/title>\n<meta name=\"description\" content=\"MODULAR double accroche est un connecteur plat, con\u00e7u pour des assemblages invisibles mont\u00e9s en surface. Il est id\u00e9al pour la production en s\u00e9rie (CNC) dans la fabrication de meubles et l\u2019am\u00e9nagement int\u00e9rieur.\" \/>\n<meta name=\"robots\" content=\"index, follow, max-snippet:-1, max-image-preview:large, max-video-preview:-1\" \/>\n<link rel=\"canonical\" href=\"https:\/\/www.knapp-verbinder.com\/fr\/produit\/modular-double-accroche-pour-usinage-cnc\/\" \/>\n<meta property=\"og:locale\" content=\"fr_FR\" \/>\n<meta property=\"og:type\" content=\"article\" \/>\n<meta property=\"og:title\" content=\"MODULAR double clip pour usinage CNC - Knapp Connectors\" \/>\n<meta property=\"og:description\" content=\"MODULAR double accroche est un connecteur plat, con\u00e7u pour des assemblages invisibles mont\u00e9s en surface. Il est id\u00e9al pour la production en s\u00e9rie (CNC) dans la fabrication de meubles et l\u2019am\u00e9nagement int\u00e9rieur.\" \/>\n<meta property=\"og:url\" content=\"https:\/\/www.knapp-verbinder.com\/fr\/produit\/modular-double-accroche-pour-usinage-cnc\/\" \/>\n<meta property=\"og:site_name\" content=\"Knapp Connectors\" \/>\n<meta property=\"article:modified_time\" content=\"2026-03-12T11:09:05+00:00\" \/>\n<meta property=\"og:image\" content=\"https:\/\/www.knapp-verbinder.com\/wp-content\/uploads\/2026\/01\/knapp-modular-z4036-b-produkt-foto-600x600-1.jpg\" \/>\n\t<meta property=\"og:image:width\" content=\"600\" \/>\n\t<meta property=\"og:image:height\" content=\"600\" \/>\n\t<meta property=\"og:image:type\" content=\"image\/jpeg\" \/>\n<meta name=\"twitter:card\" content=\"summary_large_image\" \/>\n<meta name=\"twitter:label1\" content=\"Dur\u00e9e de lecture estim\u00e9e\" \/>\n\t<meta name=\"twitter:data1\" content=\"1 minute\" \/>\n<script type=\"application\/ld+json\" class=\"yoast-schema-graph\">{\"@context\":\"https:\/\/schema.org\",\"@graph\":[{\"@type\":\"WebPage\",\"@id\":\"https:\/\/www.knapp-verbinder.com\/fr\/produit\/modular-double-accroche-pour-usinage-cnc\/\",\"url\":\"https:\/\/www.knapp-verbinder.com\/fr\/produit\/modular-double-accroche-pour-usinage-cnc\/\",\"name\":\"MODULAR double clip pour usinage CNC - Knapp Connectors\",\"isPartOf\":{\"@id\":\"https:\/\/www.knapp-verbinder.com\/fr\/#website\"},\"primaryImageOfPage\":{\"@id\":\"https:\/\/www.knapp-verbinder.com\/fr\/produit\/modular-double-accroche-pour-usinage-cnc\/#primaryimage\"},\"image\":{\"@id\":\"https:\/\/www.knapp-verbinder.com\/fr\/produit\/modular-double-accroche-pour-usinage-cnc\/#primaryimage\"},\"thumbnailUrl\":\"https:\/\/www.knapp-verbinder.com\/wp-content\/uploads\/2026\/01\/knapp-modular-z4036-b-produkt-foto-600x600-1.jpg\",\"datePublished\":\"2026-01-15T17:32:30+00:00\",\"dateModified\":\"2026-03-12T11:09:05+00:00\",\"description\":\"MODULAR double accroche est un connecteur plat, con\u00e7u pour des assemblages invisibles mont\u00e9s en surface. Il est id\u00e9al pour la production en s\u00e9rie (CNC) dans la fabrication de meubles et l\u2019am\u00e9nagement int\u00e9rieur.\",\"breadcrumb\":{\"@id\":\"https:\/\/www.knapp-verbinder.com\/fr\/produit\/modular-double-accroche-pour-usinage-cnc\/#breadcrumb\"},\"inLanguage\":\"fr-FR\",\"potentialAction\":[{\"@type\":\"ReadAction\",\"target\":[\"https:\/\/www.knapp-verbinder.com\/fr\/produit\/modular-double-accroche-pour-usinage-cnc\/\"]}]},{\"@type\":\"ImageObject\",\"inLanguage\":\"fr-FR\",\"@id\":\"https:\/\/www.knapp-verbinder.com\/fr\/produit\/modular-double-accroche-pour-usinage-cnc\/#primaryimage\",\"url\":\"https:\/\/www.knapp-verbinder.com\/wp-content\/uploads\/2026\/01\/knapp-modular-z4036-b-produkt-foto-600x600-1.jpg\",\"contentUrl\":\"https:\/\/www.knapp-verbinder.com\/wp-content\/uploads\/2026\/01\/knapp-modular-z4036-b-produkt-foto-600x600-1.jpg\",\"width\":600,\"height\":600,\"caption\":\"KNAPP MODULAR Doppelclip f\u00fcr CNC-Bearbeitung Produktbild\"},{\"@type\":\"BreadcrumbList\",\"@id\":\"https:\/\/www.knapp-verbinder.com\/fr\/produit\/modular-double-accroche-pour-usinage-cnc\/#breadcrumb\",\"itemListElement\":[{\"@type\":\"ListItem\",\"position\":1,\"name\":\"Startseite\",\"item\":\"https:\/\/www.knapp-verbinder.com\/fr\/\"},{\"@type\":\"ListItem\",\"position\":2,\"name\":\"Shop\",\"item\":\"https:\/\/www.knapp-verbinder.com\/fr\/shop\/\"},{\"@type\":\"ListItem\",\"position\":3,\"name\":\"MODULAR double clip pour usinage CNC\"}]},{\"@type\":\"WebSite\",\"@id\":\"https:\/\/www.knapp-verbinder.com\/fr\/#website\",\"url\":\"https:\/\/www.knapp-verbinder.com\/fr\/\",\"name\":\"Knapp Connectors\",\"description\":\"connecteurs bois, constructions bois g\u00e9nie civil\",\"potentialAction\":[{\"@type\":\"SearchAction\",\"target\":{\"@type\":\"EntryPoint\",\"urlTemplate\":\"https:\/\/www.knapp-verbinder.com\/fr\/?s={search_term_string}\"},\"query-input\":{\"@type\":\"PropertyValueSpecification\",\"valueRequired\":true,\"valueName\":\"search_term_string\"}}],\"inLanguage\":\"fr-FR\"}]}<\/script>\n<!-- \/ Yoast SEO plugin. -->","yoast_head_json":{"title":"MODULAR double clip pour usinage CNC - Knapp Connectors","description":"MODULAR double accroche est un connecteur plat, con\u00e7u pour des assemblages invisibles mont\u00e9s en surface. Il est id\u00e9al pour la production en s\u00e9rie (CNC) dans la fabrication de meubles et l\u2019am\u00e9nagement int\u00e9rieur.","robots":{"index":"index","follow":"follow","max-snippet":"max-snippet:-1","max-image-preview":"max-image-preview:large","max-video-preview":"max-video-preview:-1"},"canonical":"https:\/\/www.knapp-verbinder.com\/fr\/produit\/modular-double-accroche-pour-usinage-cnc\/","og_locale":"fr_FR","og_type":"article","og_title":"MODULAR double clip pour usinage CNC - Knapp Connectors","og_description":"MODULAR double accroche est un connecteur plat, con\u00e7u pour des assemblages invisibles mont\u00e9s en surface. Il est id\u00e9al pour la production en s\u00e9rie (CNC) dans la fabrication de meubles et l\u2019am\u00e9nagement int\u00e9rieur.","og_url":"https:\/\/www.knapp-verbinder.com\/fr\/produit\/modular-double-accroche-pour-usinage-cnc\/","og_site_name":"Knapp Connectors","article_modified_time":"2026-03-12T11:09:05+00:00","og_image":[{"width":600,"height":600,"url":"https:\/\/www.knapp-verbinder.com\/wp-content\/uploads\/2026\/01\/knapp-modular-z4036-b-produkt-foto-600x600-1.jpg","type":"image\/jpeg"}],"twitter_card":"summary_large_image","twitter_misc":{"Dur\u00e9e de lecture estim\u00e9e":"1 minute"},"schema":{"@context":"https:\/\/schema.org","@graph":[{"@type":"WebPage","@id":"https:\/\/www.knapp-verbinder.com\/fr\/produit\/modular-double-accroche-pour-usinage-cnc\/","url":"https:\/\/www.knapp-verbinder.com\/fr\/produit\/modular-double-accroche-pour-usinage-cnc\/","name":"MODULAR double clip pour usinage CNC - Knapp Connectors","isPartOf":{"@id":"https:\/\/www.knapp-verbinder.com\/fr\/#website"},"primaryImageOfPage":{"@id":"https:\/\/www.knapp-verbinder.com\/fr\/produit\/modular-double-accroche-pour-usinage-cnc\/#primaryimage"},"image":{"@id":"https:\/\/www.knapp-verbinder.com\/fr\/produit\/modular-double-accroche-pour-usinage-cnc\/#primaryimage"},"thumbnailUrl":"https:\/\/www.knapp-verbinder.com\/wp-content\/uploads\/2026\/01\/knapp-modular-z4036-b-produkt-foto-600x600-1.jpg","datePublished":"2026-01-15T17:32:30+00:00","dateModified":"2026-03-12T11:09:05+00:00","description":"MODULAR double accroche est un connecteur plat, con\u00e7u pour des assemblages invisibles mont\u00e9s en surface. Il est id\u00e9al pour la production en s\u00e9rie (CNC) dans la fabrication de meubles et l\u2019am\u00e9nagement int\u00e9rieur.","breadcrumb":{"@id":"https:\/\/www.knapp-verbinder.com\/fr\/produit\/modular-double-accroche-pour-usinage-cnc\/#breadcrumb"},"inLanguage":"fr-FR","potentialAction":[{"@type":"ReadAction","target":["https:\/\/www.knapp-verbinder.com\/fr\/produit\/modular-double-accroche-pour-usinage-cnc\/"]}]},{"@type":"ImageObject","inLanguage":"fr-FR","@id":"https:\/\/www.knapp-verbinder.com\/fr\/produit\/modular-double-accroche-pour-usinage-cnc\/#primaryimage","url":"https:\/\/www.knapp-verbinder.com\/wp-content\/uploads\/2026\/01\/knapp-modular-z4036-b-produkt-foto-600x600-1.jpg","contentUrl":"https:\/\/www.knapp-verbinder.com\/wp-content\/uploads\/2026\/01\/knapp-modular-z4036-b-produkt-foto-600x600-1.jpg","width":600,"height":600,"caption":"KNAPP MODULAR Doppelclip f\u00fcr CNC-Bearbeitung Produktbild"},{"@type":"BreadcrumbList","@id":"https:\/\/www.knapp-verbinder.com\/fr\/produit\/modular-double-accroche-pour-usinage-cnc\/#breadcrumb","itemListElement":[{"@type":"ListItem","position":1,"name":"Startseite","item":"https:\/\/www.knapp-verbinder.com\/fr\/"},{"@type":"ListItem","position":2,"name":"Shop","item":"https:\/\/www.knapp-verbinder.com\/fr\/shop\/"},{"@type":"ListItem","position":3,"name":"MODULAR double clip pour usinage CNC"}]},{"@type":"WebSite","@id":"https:\/\/www.knapp-verbinder.com\/fr\/#website","url":"https:\/\/www.knapp-verbinder.com\/fr\/","name":"Knapp Connectors","description":"connecteurs bois, constructions bois g\u00e9nie civil","potentialAction":[{"@type":"SearchAction","target":{"@type":"EntryPoint","urlTemplate":"https:\/\/www.knapp-verbinder.com\/fr\/?s={search_term_string}"},"query-input":{"@type":"PropertyValueSpecification","valueRequired":true,"valueName":"search_term_string"}}],"inLanguage":"fr-FR"}]}},"_links":{"self":[{"href":"https:\/\/www.knapp-verbinder.com\/fr\/wp-json\/wp\/v2\/product\/81630","targetHints":{"allow":["GET"]}}],"collection":[{"href":"https:\/\/www.knapp-verbinder.com\/fr\/wp-json\/wp\/v2\/product"}],"about":[{"href":"https:\/\/www.knapp-verbinder.com\/fr\/wp-json\/wp\/v2\/types\/product"}],"version-history":[{"count":13,"href":"https:\/\/www.knapp-verbinder.com\/fr\/wp-json\/wp\/v2\/product\/81630\/revisions"}],"predecessor-version":[{"id":81921,"href":"https:\/\/www.knapp-verbinder.com\/fr\/wp-json\/wp\/v2\/product\/81630\/revisions\/81921"}],"wp:featuredmedia":[{"embeddable":true,"href":"https:\/\/www.knapp-verbinder.com\/fr\/wp-json\/wp\/v2\/media\/80519"}],"wp:attachment":[{"href":"https:\/\/www.knapp-verbinder.com\/fr\/wp-json\/wp\/v2\/media?parent=81630"}],"wp:term":[{"taxonomy":"product_brand","embeddable":true,"href":"https:\/\/www.knapp-verbinder.com\/fr\/wp-json\/wp\/v2\/product_brand?post=81630"},{"taxonomy":"product_cat","embeddable":true,"href":"https:\/\/www.knapp-verbinder.com\/fr\/wp-json\/wp\/v2\/product_cat?post=81630"},{"taxonomy":"product_tag","embeddable":true,"href":"https:\/\/www.knapp-verbinder.com\/fr\/wp-json\/wp\/v2\/product_tag?post=81630"}],"curies":[{"name":"wp","href":"https:\/\/api.w.org\/{rel}","templated":true}]}}